{"id":540,"date":"2014-11-04T21:42:07","date_gmt":"2014-11-04T20:42:07","guid":{"rendered":"http:\/\/garciacuba.com\/main\/?page_id=4"},"modified":"2023-03-04T19:31:43","modified_gmt":"2023-03-04T18:31:43","slug":"composiciones","status":"publish","type":"page","link":"https:\/\/garciacuba.com\/wpsgc\/composiciones\/","title":{"rendered":"Composiciones"},"content":{"rendered":"<div id=\"pl-540\" class=\"panel-layout\">\n<div id=\"pg-540-0\" class=\"panel-grid panel-no-style\">\n<div id=\"pgc-540-0-0\" class=\"panel-grid-cell\" data-weight=\"1\">\n<div id=\"panel-540-0-0-0\" class=\"so-panel widget widget_sow-editor panel-first-child\" data-index=\"0\">\n<div class=\"so-widget-sow-editor so-widget-sow-editor-base\">\n<p>\u00a0<\/p>\n<div class=\"siteorigin-widget-tinymce textwidget\">\n<p style=\"text-align: justify;\">Aqu\u00ed se pueden ver algunas de mis composiciones estrenadas. Se puede descargar la partitura, que en algunos casos tiene inclu\u00eddo el audio del estreno.<\/p>\n<p>\u00a0<\/p>\n<p style=\"text-align: justify;\">Se trata de pdfs con sonido en algunos casos, y videos cuando es posible.<\/p>\n<\/div>\n<\/div>\n<\/div>\n<\/div>\n<\/div>\n<\/div>\n\n<div id=\"pl-gb540-69e4c7cb7f14e\"  class=\"panel-layout\" ><div id=\"pg-gb540-69e4c7cb7f14e-0\"  class=\"panel-grid panel-no-style\" ><div id=\"pgc-gb540-69e4c7cb7f14e-0-0\"  class=\"panel-grid-cell\" ><div id=\"panel-gb540-69e4c7cb7f14e-0-0-0\" class=\"so-panel widget widget_siteorigin-panels-postloop panel-first-child panel-last-child\" data-index=\"0\" >\n<article id=\"post-1393\" class=\"post-1393 post type-post status-publish format-standard hentry category-arreglos category-uncategorized\">\n\t<!-- Page\/Post Single Image Disabled or No Image set in Post Thumbnail -->\t<div class=\"entry-container\">\n\t\t<header class=\"entry-header\">\n\t\t\t<h1 class=\"entry-title\"><\/h1>\n\t\t<\/header><!-- .entry-header -->\n\n\t\t<div class=\"entry-content\">\n\t\t\t<div id=\"pl-gb1393-69e4c7cb80e15\"  class=\"panel-layout\" ><div id=\"pg-gb1393-69e4c7cb80e15-0\"  class=\"panel-grid panel-no-style\" ><div id=\"pgc-gb1393-69e4c7cb80e15-0-0\"  class=\"panel-grid-cell\" ><div id=\"panel-gb1393-69e4c7cb80e15-0-0-0\" class=\"so-panel widget panel-first-child panel-last-child\" data-index=\"0\" ><\/div><\/div><div id=\"pgc-gb1393-69e4c7cb80e15-0-1\"  class=\"panel-grid-cell\" ><div id=\"panel-gb1393-69e4c7cb80e15-0-1-0\" class=\"so-panel widget widget_media_video panel-first-child panel-last-child\" data-index=\"1\" ><div style=\"width:100%;\" class=\"wp-video\"><video class=\"wp-video-shortcode\" id=\"video-1393-1\" preload=\"metadata\" controls=\"controls\"><source type=\"video\/youtube\" src=\"https:\/\/www.youtube.com\/watch?v=EZsijHQIBt4&#038;t=76s&#038;_=1\" \/><a href=\"https:\/\/www.youtube.com\/watch?v=EZsijHQIBt4&#038;t=76s\">https:\/\/www.youtube.com\/watch?v=EZsijHQIBt4&#038;t=76s<\/a><\/video><\/div><\/div><\/div><\/div><\/div>\t\t\t\t\t<\/div><!-- .entry-content -->\n\t\t\t<\/div><!-- .entry-container -->\n<\/article><!-- #post-## -->\n<article id=\"post-1213\" class=\"post-1213 post type-post status-publish format-standard hentry category-minuetobarroco category-trabajo_alumnos tag-5o tag-composicion tag-minueto-barroco\">\n\t<!-- Page\/Post Single Image Disabled or No Image set in Post Thumbnail -->\t<div class=\"entry-container\">\n\t\t<header class=\"entry-header\">\n\t\t\t<h1 class=\"entry-title\">Minueto Barroco &#8211; Ricardo Pellitero &#8211; 2<\/h1>\n\t\t<\/header><!-- .entry-header -->\n\n\t\t<div class=\"entry-content\">\n\t\t\t\n<figure class=\"wp-block-embed is-type-video is-provider-youtube wp-block-embed-youtube wp-embed-aspect-16-9 wp-has-aspect-ratio\"><div class=\"wp-block-embed__wrapper\">\n<iframe loading=\"lazy\" title=\"Ejercicio: Minueto Barroco a tres partes - Ricardo Pellitero (2015-16)\" width=\"780\" height=\"439\" src=\"https:\/\/www.youtube.com\/embed\/s_f9--oOR7Y?feature=oembed\" frameborder=\"0\" allow=\"accelerometer; autoplay; clipboard-write; encrypted-media; gyroscope; picture-in-picture; web-share\" allowfullscreen><\/iframe>\n<\/div><\/figure>\n\t\t\t\t\t<\/div><!-- .entry-content -->\n\t\t\t<\/div><!-- .entry-container -->\n<\/article><!-- #post-## -->\n<article id=\"post-895\" class=\"post-895 post type-post status-publish format-standard hentry category-comprop tag-comprop tag-estreno\">\n\t<!-- Page\/Post Single Image Disabled or No Image set in Post Thumbnail -->\t<div class=\"entry-container\">\n\t\t<header class=\"entry-header\">\n\t\t\t<h1 class=\"entry-title\">4 Movimientos para Orquesta de Cuerda<\/h1>\n\t\t<\/header><!-- .entry-header -->\n\n\t\t<div class=\"entry-content\">\n\t\t\t<div id=\"pl-895\" class=\"panel-layout\">\n<div id=\"pg-895-0\" class=\"panel-grid panel-no-style\">\n<div id=\"pgc-895-0-0\" class=\"panel-grid-cell\" data-weight=\"1\">\n<div id=\"panel-895-0-0-0\" class=\"so-panel widget widget_sow-editor panel-first-child panel-last-child\" data-index=\"0\">\n<div class=\"so-widget-sow-editor so-widget-sow-editor-base\">\n<div class=\"siteorigin-widget-tinymce textwidget\">\n<p style=\"text-align: justify;\">Obra encargada para el Ciclo de M\u00fasica Contempor\u00e1nea de la Orquesta Ciudad de M\u00e1laga de 1998. Se estren\u00f3 bajo la direcci\u00f3n de Gregorio G\u00f3mez con miembros de la citada orquesta.<\/p>\n<\/div>\n<\/div>\n<\/div>\n<\/div>\n<\/div>\n<\/div>\n<div class=\"brz-root__container\">\u00a0<\/div>\n\n\n<figure class=\"wp-block-embed is-type-video is-provider-youtube wp-block-embed-youtube wp-embed-aspect-16-9 wp-has-aspect-ratio\"><div class=\"wp-block-embed__wrapper\">\n<iframe loading=\"lazy\" title=\"4 Movimientos para Orquesta de Cuerda\" width=\"780\" height=\"439\" src=\"https:\/\/www.youtube.com\/embed\/BvT_8cMAuyE?feature=oembed\" frameborder=\"0\" allow=\"accelerometer; autoplay; clipboard-write; encrypted-media; gyroscope; picture-in-picture; web-share\" allowfullscreen><\/iframe>\n<\/div><\/figure>\n\t\t\t\t\t<\/div><!-- .entry-content -->\n\t\t\t<\/div><!-- .entry-container -->\n<\/article><!-- #post-## -->\n<article id=\"post-876\" class=\"post-876 post type-post status-publish format-standard hentry category-contrapunto category-material-didactico tag-apuntes tag-contrapunto tag-material-didactico\">\n\t<!-- Page\/Post Single Image Disabled or No Image set in Post Thumbnail -->\t<div class=\"entry-container\">\n\t\t<header class=\"entry-header\">\n\t\t\t<h1 class=\"entry-title\">Apuntes de Contrapunto por especies<\/h1>\n\t\t<\/header><!-- .entry-header -->\n\n\t\t<div class=\"entry-content\">\n\t\t\t<div id=\"pl-876\"  class=\"panel-layout\" >\n<div id=\"pg-876-0\"  class=\"panel-grid panel-no-style\" >\n<div id=\"pgc-876-0-0\"  class=\"panel-grid-cell\" >\n<div id=\"panel-876-0-0-0\" class=\"so-panel widget panel-first-child\" data-index=\"0\" ><\/div>\n<div id=\"panel-876-0-0-1\" class=\"so-panel widget panel-last-child\" data-index=\"1\" ><\/div>\n<\/div>\n<div id=\"pgc-876-0-1\"  class=\"panel-grid-cell\" >\n<div id=\"panel-876-0-1-0\" class=\"so-panel widget panel-first-child panel-last-child\" data-index=\"2\" ><\/div>\n<\/div>\n<div id=\"pgc-876-0-2\"  class=\"panel-grid-cell\" >\n<div id=\"panel-876-0-2-0\" class=\"so-panel widget panel-first-child panel-last-child\" data-index=\"3\" ><\/div>\n<\/div>\n<\/div>\n<\/div>\n\t\t\t\t\t<\/div><!-- .entry-content -->\n\t\t\t<\/div><!-- .entry-container -->\n<\/article><!-- #post-## -->\n<article id=\"post-857\" class=\"post-857 post type-post status-publish format-standard hentry category-armonia category-material-didactico tag-apuntes tag-armonia tag-material-didactico\">\n\t<!-- Page\/Post Single Image Disabled or No Image set in Post Thumbnail -->\t<div class=\"entry-container\">\n\t\t<header class=\"entry-header\">\n\t\t\t<h1 class=\"entry-title\">Apuntes de Armon\u00eda<\/h1>\n\t\t<\/header><!-- .entry-header -->\n\n\t\t<div class=\"entry-content\">\n\t\t\t<div id=\"pl-857\"  class=\"panel-layout\" >\n<div id=\"pg-857-0\"  class=\"panel-grid panel-no-style\" >\n<div id=\"pgc-857-0-0\"  class=\"panel-grid-cell\" >\n<div id=\"panel-857-0-0-0\" class=\"so-panel widget panel-first-child\" data-index=\"0\" ><\/div>\n<div id=\"panel-857-0-0-1\" class=\"so-panel widget panel-last-child\" data-index=\"1\" ><\/div>\n<\/div>\n<div id=\"pgc-857-0-1\"  class=\"panel-grid-cell\" >\n<div id=\"panel-857-0-1-0\" class=\"so-panel widget panel-first-child panel-last-child\" data-index=\"2\" ><\/div>\n<\/div>\n<div id=\"pgc-857-0-2\"  class=\"panel-grid-cell\" >\n<div id=\"panel-857-0-2-0\" class=\"so-panel widget panel-first-child panel-last-child\" data-index=\"3\" ><\/div>\n<\/div>\n<\/div>\n<\/div>\n\t\t\t\t\t<\/div><!-- .entry-content -->\n\t\t\t<\/div><!-- .entry-container -->\n<\/article><!-- #post-## -->\n<article id=\"post-516\" class=\"post-516 post type-post status-publish format-standard hentry category-serial_dodec category-trabajo_alumnos tag-6o tag-composicion tag-serialismo\">\n\t<!-- Page\/Post Single Image Disabled or No Image set in Post Thumbnail -->\t<div class=\"entry-container\">\n\t\t<header class=\"entry-header\">\n\t\t\t<h1 class=\"entry-title\">Serial &#8211; Alejandro de la Torre<\/h1>\n\t\t<\/header><!-- .entry-header -->\n\n\t\t<div class=\"entry-content\">\n\t\t\t\n<figure class=\"wp-block-embed is-type-video is-provider-youtube wp-block-embed-youtube wp-embed-aspect-16-9 wp-has-aspect-ratio\"><div class=\"wp-block-embed__wrapper\">\n<iframe loading=\"lazy\" title=\"Ejercicio: Pieza con t\u00e9cnica serial - Alejandro de la Torre\" width=\"780\" height=\"439\" src=\"https:\/\/www.youtube.com\/embed\/BuRUTo8-doc?feature=oembed\" frameborder=\"0\" allow=\"accelerometer; autoplay; clipboard-write; encrypted-media; gyroscope; picture-in-picture; web-share\" allowfullscreen><\/iframe>\n<\/div><\/figure>\n\t\t\t\t\t<\/div><!-- .entry-content -->\n\t\t\t<\/div><!-- .entry-container -->\n<\/article><!-- #post-## -->\n<article id=\"post-513\" class=\"post-513 post type-post status-publish format-standard hentry category-serial_dodec category-trabajo_alumnos tag-6o tag-composicion tag-serialismo\">\n\t<!-- Page\/Post Single Image Disabled or No Image set in Post Thumbnail -->\t<div class=\"entry-container\">\n\t\t<header class=\"entry-header\">\n\t\t\t<h1 class=\"entry-title\">Serial &#8211; Alberto Jaenal<\/h1>\n\t\t<\/header><!-- .entry-header -->\n\n\t\t<div class=\"entry-content\">\n\t\t\t\n<figure class=\"wp-block-embed is-type-video is-provider-youtube wp-block-embed-youtube wp-embed-aspect-16-9 wp-has-aspect-ratio\"><div class=\"wp-block-embed__wrapper\">\n<iframe loading=\"lazy\" title=\"Ejercicio: Pieza con t\u00e9cnica serial - Alberto Jaenal\" width=\"780\" height=\"439\" src=\"https:\/\/www.youtube.com\/embed\/IcLnwHE03iA?feature=oembed\" frameborder=\"0\" allow=\"accelerometer; autoplay; clipboard-write; encrypted-media; gyroscope; picture-in-picture; web-share\" allowfullscreen><\/iframe>\n<\/div><\/figure>\n\t\t\t\t\t<\/div><!-- .entry-content -->\n\t\t\t<\/div><!-- .entry-container -->\n<\/article><!-- #post-## -->\n<article id=\"post-510\" class=\"post-510 post type-post status-publish format-standard hentry category-invencion_tres category-trabajo_alumnos tag-6o tag-contrapunto\">\n\t<!-- Page\/Post Single Image Disabled or No Image set in Post Thumbnail -->\t<div class=\"entry-container\">\n\t\t<header class=\"entry-header\">\n\t\t\t<h1 class=\"entry-title\">Invenci\u00f3n a tres voces &#8211; Angel Moya Gil<\/h1>\n\t\t<\/header><!-- .entry-header -->\n\n\t\t<div class=\"entry-content\">\n\t\t\t\n<figure class=\"wp-block-embed is-type-video is-provider-youtube wp-block-embed-youtube wp-embed-aspect-16-9 wp-has-aspect-ratio\"><div class=\"wp-block-embed__wrapper\">\n<iframe loading=\"lazy\" title=\"Ejercicio: Invenci\u00f3n a tres voces - Angel Moya\" width=\"780\" height=\"439\" src=\"https:\/\/www.youtube.com\/embed\/bPXrxuJE3TE?feature=oembed\" frameborder=\"0\" allow=\"accelerometer; autoplay; clipboard-write; encrypted-media; gyroscope; picture-in-picture; web-share\" allowfullscreen><\/iframe>\n<\/div><\/figure>\n\t\t\t\t\t<\/div><!-- .entry-content -->\n\t\t\t<\/div><!-- .entry-container -->\n<\/article><!-- #post-## -->\n<article id=\"post-507\" class=\"post-507 post type-post status-publish format-standard hentry category-invencion_tres category-trabajo_alumnos tag-6o tag-contrapunto\">\n\t<!-- Page\/Post Single Image Disabled or No Image set in Post Thumbnail -->\t<div class=\"entry-container\">\n\t\t<header class=\"entry-header\">\n\t\t\t<h1 class=\"entry-title\">Invenci\u00f3n a tres voces &#8211; Esther Cook<\/h1>\n\t\t<\/header><!-- .entry-header -->\n\n\t\t<div class=\"entry-content\">\n\t\t\t\n<figure class=\"wp-block-embed is-type-video is-provider-youtube wp-block-embed-youtube wp-embed-aspect-16-9 wp-has-aspect-ratio\"><div class=\"wp-block-embed__wrapper\">\n<iframe loading=\"lazy\" title=\"Ejercicio: Invenci\u00f3n a tres voces - Esther Cook\" width=\"780\" height=\"439\" src=\"https:\/\/www.youtube.com\/embed\/hXQYlIgfY54?feature=oembed\" frameborder=\"0\" allow=\"accelerometer; autoplay; clipboard-write; encrypted-media; gyroscope; picture-in-picture; web-share\" allowfullscreen><\/iframe>\n<\/div><\/figure>\n\t\t\t\t\t<\/div><!-- .entry-content -->\n\t\t\t<\/div><!-- .entry-container -->\n<\/article><!-- #post-## -->\n<article id=\"post-501\" class=\"post-501 post type-post status-publish format-standard hentry category-formaternaria category-trabajo_alumnos tag-5o tag-composicion\">\n\t<!-- Page\/Post Single Image Disabled or No Image set in Post Thumbnail -->\t<div class=\"entry-container\">\n\t\t<header class=\"entry-header\">\n\t\t\t<h1 class=\"entry-title\">Forma Ternaria &#8211; Ricardo Pellitero &#8211; 2<\/h1>\n\t\t<\/header><!-- .entry-header -->\n\n\t\t<div class=\"entry-content\">\n\t\t\t\n<figure class=\"wp-block-embed is-type-video is-provider-youtube wp-block-embed-youtube wp-embed-aspect-16-9 wp-has-aspect-ratio\"><div class=\"wp-block-embed__wrapper\">\n<iframe loading=\"lazy\" title=\"Ejercicio: Forma Ternaria para tr\u00edo de cuerda - Ricardo Pellitero   (2014-15)\" width=\"780\" height=\"439\" src=\"https:\/\/www.youtube.com\/embed\/Im73GuUNwJQ?feature=oembed\" frameborder=\"0\" allow=\"accelerometer; autoplay; clipboard-write; encrypted-media; gyroscope; picture-in-picture; web-share\" allowfullscreen><\/iframe>\n<\/div><\/figure>\n\t\t\t\t\t<\/div><!-- .entry-content -->\n\t\t\t<\/div><!-- .entry-container -->\n<\/article><!-- #post-## --><\/div><\/div><\/div><\/div>","protected":false},"excerpt":{"rendered":"<p>\u00a0 Aqu\u00ed se pueden ver algunas de mis composiciones estrenadas. Se puede descargar la partitura, que en algunos casos tiene inclu\u00eddo el audio del estreno. \u00a0 Se trata de pdfs con sonido en algunos casos, y videos cuando es posible.<\/p>\n","protected":false},"author":1,"featured_media":0,"parent":0,"menu_order":0,"comment_status":"closed","ping_status":"closed","template":"","meta":{"footnotes":""},"class_list":["post-540","page","type-page","status-publish","hentry"],"_links":{"self":[{"href":"https:\/\/garciacuba.com\/wpsgc\/wp-json\/wp\/v2\/pages\/540","targetHints":{"allow":["GET"]}}],"collection":[{"href":"https:\/\/garciacuba.com\/wpsgc\/wp-json\/wp\/v2\/pages"}],"about":[{"href":"https:\/\/garciacuba.com\/wpsgc\/wp-json\/wp\/v2\/types\/page"}],"author":[{"embeddable":true,"href":"https:\/\/garciacuba.com\/wpsgc\/wp-json\/wp\/v2\/users\/1"}],"replies":[{"embeddable":true,"href":"https:\/\/garciacuba.com\/wpsgc\/wp-json\/wp\/v2\/comments?post=540"}],"version-history":[{"count":15,"href":"https:\/\/garciacuba.com\/wpsgc\/wp-json\/wp\/v2\/pages\/540\/revisions"}],"predecessor-version":[{"id":1329,"href":"https:\/\/garciacuba.com\/wpsgc\/wp-json\/wp\/v2\/pages\/540\/revisions\/1329"}],"wp:attachment":[{"href":"https:\/\/garciacuba.com\/wpsgc\/wp-json\/wp\/v2\/media?parent=540"}],"curies":[{"name":"wp","href":"https:\/\/api.w.org\/{rel}","templated":true}]}}