{"id":52,"date":"2014-11-09T13:21:46","date_gmt":"2014-11-09T12:21:46","guid":{"rendered":"http:\/\/garciacuba.com\/main\/?page_id=52"},"modified":"2014-11-09T13:21:46","modified_gmt":"2014-11-09T12:21:46","slug":"obras-de-alumnos","status":"publish","type":"page","link":"https:\/\/garciacuba.com\/wpsgc\/obras-de-alumnos\/","title":{"rendered":"Obras de Alumnos"},"content":{"rendered":"<p>Son algunos de los trabajos m\u00e1s destacados de alumnos de Composici\u00f3n de Grado Profesional.<\/p>\n<p>En quinto curso, y tras sus estudios de armon\u00eda, comienzan sus primeros trabajos de composici\u00f3n, de los que aqu\u00ed mostramos la forma ternaria para tr\u00edo de cuerda, que se completa antes del primer trimestre del curso, la forma binaria barroca, que corresponde al segundo trimestre, y el Allegro de sonata cl\u00e1sica, que se realiza durante el tercer y \u00faltimo trimestre.<\/p>\n<p>En sexto curso se trabaja sobre sistemas alternativos a la tonalidad bimodal. Aqu\u00ed mostramos uno de los trabajos del primer trimestre, el ejercicio sobre modalidad, y otro del tercer trimestre, que es el ejercicio sobre serialismo dodecaf\u00f3nico.<\/p>\n<p>Sirvan como material de referencia y a la vez como reconocimiento a su excelente trabajo<\/p>\n","protected":false},"excerpt":{"rendered":"<p>Son algunos de los trabajos m\u00e1s destacados de alumnos de Composici\u00f3n de Grado Profesional. En quinto curso, y tras sus estudios de armon\u00eda, comienzan sus primeros trabajos de composici\u00f3n, de los que aqu\u00ed mostramos la forma ternaria para tr\u00edo de cuerda, que se completa antes del primer trimestre del curso, la forma binaria barroca, que <a class=\"more-link\" href=\"https:\/\/garciacuba.com\/wpsgc\/obras-de-alumnos\/\">Leer m\u00e1s &#8230;<\/a><\/p>\n","protected":false},"author":1,"featured_media":0,"parent":0,"menu_order":0,"comment_status":"closed","ping_status":"closed","template":"","meta":{"footnotes":""},"class_list":["post-52","page","type-page","status-publish","hentry"],"_links":{"self":[{"href":"https:\/\/garciacuba.com\/wpsgc\/wp-json\/wp\/v2\/pages\/52","targetHints":{"allow":["GET"]}}],"collection":[{"href":"https:\/\/garciacuba.com\/wpsgc\/wp-json\/wp\/v2\/pages"}],"about":[{"href":"https:\/\/garciacuba.com\/wpsgc\/wp-json\/wp\/v2\/types\/page"}],"author":[{"embeddable":true,"href":"https:\/\/garciacuba.com\/wpsgc\/wp-json\/wp\/v2\/users\/1"}],"replies":[{"embeddable":true,"href":"https:\/\/garciacuba.com\/wpsgc\/wp-json\/wp\/v2\/comments?post=52"}],"version-history":[{"count":0,"href":"https:\/\/garciacuba.com\/wpsgc\/wp-json\/wp\/v2\/pages\/52\/revisions"}],"wp:attachment":[{"href":"https:\/\/garciacuba.com\/wpsgc\/wp-json\/wp\/v2\/media?parent=52"}],"curies":[{"name":"wp","href":"https:\/\/api.w.org\/{rel}","templated":true}]}}