{"id":296,"date":"2015-07-22T17:00:34","date_gmt":"2015-07-22T16:00:34","guid":{"rendered":"http:\/\/garciacuba.com\/main\/?page_id=296"},"modified":"2023-03-04T20:12:54","modified_gmt":"2023-03-04T19:12:54","slug":"forma-sonata-clasica","status":"publish","type":"page","link":"https:\/\/garciacuba.com\/wpsgc\/obras-de-alumnos\/forma-sonata-clasica\/","title":{"rendered":"Forma Sonata Cl\u00e1sica"},"content":{"rendered":"<div id=\"pl-gb296-69e08fdd8173a\"  class=\"panel-layout\" ><div id=\"pg-gb296-69e08fdd8173a-0\"  class=\"panel-grid panel-no-style\" ><div id=\"pgc-gb296-69e08fdd8173a-0-0\"  class=\"panel-grid-cell\" ><div id=\"panel-gb296-69e08fdd8173a-0-0-0\" class=\"so-panel widget panel-first-child panel-last-child\" data-index=\"0\" ><div class=\"animate-69e08fdd8183f272135119 panels-animation-hide panel-widget-style panel-widget-style-for-gb296-69e08fdd8173a-0-0-0\" data-so-animation=\"{&quot;selector&quot;:&quot;.animate-69e08fdd8183f272135119&quot;,&quot;animation&quot;:&quot;fadeInDown&quot;,&quot;breakpoint&quot;:&quot;780px&quot;,&quot;duration&quot;:1,&quot;repeat&quot;:0,&quot;hide&quot;:1,&quot;disableAnimationMobile&quot;:0,&quot;finalState&quot;:&quot;visible&quot;,&quot;delay&quot;:0,&quot;debounce&quot;:0.1,&quot;event&quot;:&quot;enter&quot;,&quot;offset&quot;:0}\" ><\/div><\/div><\/div><\/div><div id=\"pg-gb296-69e08fdd8173a-1\"  class=\"panel-grid panel-no-style\" ><div id=\"pgc-gb296-69e08fdd8173a-1-0\"  class=\"panel-grid-cell\" ><div id=\"panel-gb296-69e08fdd8173a-1-0-0\" class=\"so-panel widget widget_categories panel-first-child panel-last-child\" data-index=\"1\" ><div class=\"animate-69e08fdd81994105876303 panels-animation-hide panel-widget-style panel-widget-style-for-gb296-69e08fdd8173a-1-0-0\" data-so-animation=\"{&quot;selector&quot;:&quot;.animate-69e08fdd81994105876303&quot;,&quot;animation&quot;:&quot;fadeInDown&quot;,&quot;breakpoint&quot;:&quot;780px&quot;,&quot;duration&quot;:1,&quot;repeat&quot;:0,&quot;hide&quot;:1,&quot;disableAnimationMobile&quot;:0,&quot;finalState&quot;:&quot;visible&quot;,&quot;delay&quot;:0,&quot;debounce&quot;:0.1,&quot;event&quot;:&quot;enter&quot;,&quot;offset&quot;:15}\" ><h3 class=\"widget-title\">Categor\u00edas<\/h3><form action=\"https:\/\/garciacuba.com\/wpsgc\" method=\"get\"><label class=\"screen-reader-text\" for=\"cat\">Categor\u00edas<\/label><select  name='cat' id='cat' class='postform'>\n\t<option value='-1'>Elegir la categor\u00eda<\/option>\n\t<option class=\"level-0\" value=\"57\">Arreglos&nbsp;&nbsp;(1)<\/option>\n\t<option class=\"level-0\" value=\"51\">Composiciones Propias&nbsp;&nbsp;(4)<\/option>\n\t<option class=\"level-0\" value=\"45\">Material Did\u00e1ctico&nbsp;&nbsp;(2)<\/option>\n\t<option class=\"level-1\" value=\"46\">&nbsp;&nbsp;&nbsp;Armon\u00eda&nbsp;&nbsp;(1)<\/option>\n\t<option class=\"level-1\" value=\"50\">&nbsp;&nbsp;&nbsp;Contrapunto&nbsp;&nbsp;(1)<\/option>\n\t<option class=\"level-0\" value=\"20\">Trabajos de Alumnos&nbsp;&nbsp;(24)<\/option>\n\t<option class=\"level-1\" value=\"22\">&nbsp;&nbsp;&nbsp;Forma Binaria Barroca&nbsp;&nbsp;(4)<\/option>\n\t<option class=\"level-1\" value=\"23\">&nbsp;&nbsp;&nbsp;Forma Sonata Cl\u00e1sica para teclado&nbsp;&nbsp;(2)<\/option>\n\t<option class=\"level-1\" value=\"24\">&nbsp;&nbsp;&nbsp;Forma Ternaria&nbsp;&nbsp;(7)<\/option>\n\t<option class=\"level-1\" value=\"25\">&nbsp;&nbsp;&nbsp;Invenci\u00f3n a tres voces&nbsp;&nbsp;(3)<\/option>\n\t<option class=\"level-1\" value=\"26\">&nbsp;&nbsp;&nbsp;Minueto Barroco&nbsp;&nbsp;(1)<\/option>\n\t<option class=\"level-1\" value=\"27\">&nbsp;&nbsp;&nbsp;Modalidad&nbsp;&nbsp;(5)<\/option>\n\t<option class=\"level-1\" value=\"28\">&nbsp;&nbsp;&nbsp;Serialismo Dodecaf\u00f3nico&nbsp;&nbsp;(2)<\/option>\n\t<option class=\"level-0\" value=\"1\">Uncategorized&nbsp;&nbsp;(1)<\/option>\n<\/select>\n<\/form><script type=\"text\/javascript\">\n\/* <![CDATA[ *\/\n\n( ( dropdownId ) => {\n\tconst dropdown = document.getElementById( dropdownId );\n\tfunction onSelectChange() {\n\t\tsetTimeout( () => {\n\t\t\tif ( 'escape' === dropdown.dataset.lastkey ) {\n\t\t\t\treturn;\n\t\t\t}\n\t\t\tif ( dropdown.value && parseInt( dropdown.value ) > 0 && dropdown instanceof HTMLSelectElement ) {\n\t\t\t\tdropdown.parentElement.submit();\n\t\t\t}\n\t\t}, 250 );\n\t}\n\tfunction onKeyUp( event ) {\n\t\tif ( 'Escape' === event.key ) {\n\t\t\tdropdown.dataset.lastkey = 'escape';\n\t\t} else {\n\t\t\tdelete dropdown.dataset.lastkey;\n\t\t}\n\t}\n\tfunction onClick() {\n\t\tdelete dropdown.dataset.lastkey;\n\t}\n\tdropdown.addEventListener( 'keyup', onKeyUp );\n\tdropdown.addEventListener( 'click', onClick );\n\tdropdown.addEventListener( 'change', onSelectChange );\n})( \"cat\" );\n\n\/\/# sourceURL=WP_Widget_Categories%3A%3Awidget\n\/* ]]> *\/\n<\/script>\n<\/div><\/div><\/div><div id=\"pgc-gb296-69e08fdd8173a-1-1\"  class=\"panel-grid-cell\" ><div id=\"panel-gb296-69e08fdd8173a-1-1-0\" class=\"so-panel widget widget_tag_cloud panel-first-child panel-last-child\" data-index=\"2\" ><div class=\"animate-69e08fdd829cc876295244 panels-animation-hide panel-widget-style panel-widget-style-for-gb296-69e08fdd8173a-1-1-0\" data-so-animation=\"{&quot;selector&quot;:&quot;.animate-69e08fdd829cc876295244&quot;,&quot;animation&quot;:&quot;rubberBand&quot;,&quot;breakpoint&quot;:&quot;780px&quot;,&quot;duration&quot;:1,&quot;repeat&quot;:0,&quot;hide&quot;:1,&quot;disableAnimationMobile&quot;:0,&quot;finalState&quot;:&quot;visible&quot;,&quot;delay&quot;:0,&quot;debounce&quot;:0.1,&quot;event&quot;:&quot;in&quot;,&quot;offset&quot;:0}\" ><h3 class=\"widget-title\">Etiquetas<\/h3><div class=\"tagcloud\"><a href=\"https:\/\/garciacuba.com\/wpsgc\/tag\/5o\/\" class=\"tag-cloud-link tag-link-29 tag-link-position-1\" style=\"font-size: 20.078431372549pt;\" aria-label=\"5\u00ba (14 elementos)\">5\u00ba<\/a>\n<a href=\"https:\/\/garciacuba.com\/wpsgc\/tag\/6o\/\" class=\"tag-cloud-link tag-link-30 tag-link-position-2\" style=\"font-size: 18.156862745098pt;\" aria-label=\"6\u00ba (10 elementos)\">6\u00ba<\/a>\n<a href=\"https:\/\/garciacuba.com\/wpsgc\/tag\/apuntes\/\" class=\"tag-cloud-link tag-link-49 tag-link-position-3\" style=\"font-size: 10.470588235294pt;\" aria-label=\"Apuntes (2 elementos)\">Apuntes<\/a>\n<a href=\"https:\/\/garciacuba.com\/wpsgc\/tag\/armonia\/\" class=\"tag-cloud-link tag-link-47 tag-link-position-4\" style=\"font-size: 8pt;\" aria-label=\"Armon\u00eda (1 elemento)\">Armon\u00eda<\/a>\n<a href=\"https:\/\/garciacuba.com\/wpsgc\/tag\/barroco\/\" class=\"tag-cloud-link tag-link-32 tag-link-position-5\" style=\"font-size: 13.490196078431pt;\" aria-label=\"barroco (4 elementos)\">barroco<\/a>\n<a href=\"https:\/\/garciacuba.com\/wpsgc\/tag\/clasica\/\" class=\"tag-cloud-link tag-link-33 tag-link-position-6\" style=\"font-size: 10.470588235294pt;\" aria-label=\"cl\u00e1sica (2 elementos)\">cl\u00e1sica<\/a>\n<a href=\"https:\/\/garciacuba.com\/wpsgc\/tag\/composicion\/\" class=\"tag-cloud-link tag-link-34 tag-link-position-7\" style=\"font-size: 22pt;\" aria-label=\"composici\u00f3n (20 elementos)\">composici\u00f3n<\/a>\n<a href=\"https:\/\/garciacuba.com\/wpsgc\/tag\/comprop\/\" class=\"tag-cloud-link tag-link-52 tag-link-position-8\" style=\"font-size: 13.490196078431pt;\" aria-label=\"Composici\u00f3n Propia (4 elementos)\">Composici\u00f3n Propia<\/a>\n<a href=\"https:\/\/garciacuba.com\/wpsgc\/tag\/contrapunto\/\" class=\"tag-cloud-link tag-link-35 tag-link-position-9\" style=\"font-size: 13.490196078431pt;\" aria-label=\"contrapunto (4 elementos)\">contrapunto<\/a>\n<a href=\"https:\/\/garciacuba.com\/wpsgc\/tag\/estreno\/\" class=\"tag-cloud-link tag-link-53 tag-link-position-10\" style=\"font-size: 13.490196078431pt;\" aria-label=\"Estreno (4 elementos)\">Estreno<\/a>\n<a href=\"https:\/\/garciacuba.com\/wpsgc\/tag\/forma-binaria\/\" class=\"tag-cloud-link tag-link-36 tag-link-position-11\" style=\"font-size: 13.490196078431pt;\" aria-label=\"forma binaria (4 elementos)\">forma binaria<\/a>\n<a href=\"https:\/\/garciacuba.com\/wpsgc\/tag\/forma-sonata\/\" class=\"tag-cloud-link tag-link-37 tag-link-position-12\" style=\"font-size: 10.470588235294pt;\" aria-label=\"forma sonata (2 elementos)\">forma sonata<\/a>\n<a href=\"https:\/\/garciacuba.com\/wpsgc\/tag\/material-didactico\/\" class=\"tag-cloud-link tag-link-48 tag-link-position-13\" style=\"font-size: 10.470588235294pt;\" aria-label=\"Material Did\u00e1ctico (2 elementos)\">Material Did\u00e1ctico<\/a>\n<a href=\"https:\/\/garciacuba.com\/wpsgc\/tag\/minueto-barroco\/\" class=\"tag-cloud-link tag-link-56 tag-link-position-14\" style=\"font-size: 8pt;\" aria-label=\"minueto barroco (1 elemento)\">minueto barroco<\/a>\n<a href=\"https:\/\/garciacuba.com\/wpsgc\/tag\/modalidad\/\" class=\"tag-cloud-link tag-link-38 tag-link-position-15\" style=\"font-size: 14.588235294118pt;\" aria-label=\"Modalidad (5 elementos)\">Modalidad<\/a>\n<a href=\"https:\/\/garciacuba.com\/wpsgc\/tag\/serialismo\/\" class=\"tag-cloud-link tag-link-41 tag-link-position-16\" style=\"font-size: 10.470588235294pt;\" aria-label=\"Serialismo (2 elementos)\">Serialismo<\/a><\/div>\n<\/div><\/div><\/div><\/div><div id=\"pg-gb296-69e08fdd8173a-2\"  class=\"panel-grid panel-no-style\" ><div id=\"pgc-gb296-69e08fdd8173a-2-0\"  class=\"panel-grid-cell\" ><div id=\"panel-gb296-69e08fdd8173a-2-0-0\" class=\"so-panel widget widget_siteorigin-panels-postloop panel-first-child panel-last-child\" data-index=\"3\" >\n<article id=\"post-1393\" class=\"post-1393 post type-post status-publish format-standard hentry category-arreglos category-uncategorized\">\n\t<!-- Page\/Post Single Image Disabled or No Image set in Post Thumbnail -->\t<div class=\"entry-container\">\n\t\t<header class=\"entry-header\">\n\t\t\t<h1 class=\"entry-title\"><\/h1>\n\t\t<\/header><!-- .entry-header -->\n\n\t\t<div class=\"entry-content\">\n\t\t\t<div id=\"pl-gb1393-69e08fdd85de4\"  class=\"panel-layout\" ><div id=\"pg-gb1393-69e08fdd85de4-0\"  class=\"panel-grid panel-no-style\" ><div id=\"pgc-gb1393-69e08fdd85de4-0-0\"  class=\"panel-grid-cell\" ><div id=\"panel-gb1393-69e08fdd85de4-0-0-0\" class=\"so-panel widget panel-first-child panel-last-child\" data-index=\"0\" ><\/div><\/div><div id=\"pgc-gb1393-69e08fdd85de4-0-1\"  class=\"panel-grid-cell\" ><div id=\"panel-gb1393-69e08fdd85de4-0-1-0\" class=\"so-panel widget widget_media_video panel-first-child panel-last-child\" data-index=\"1\" ><div style=\"width:100%;\" class=\"wp-video\"><video class=\"wp-video-shortcode\" id=\"video-1393-1\" preload=\"metadata\" controls=\"controls\"><source type=\"video\/youtube\" src=\"https:\/\/www.youtube.com\/watch?v=EZsijHQIBt4&#038;t=76s&#038;_=1\" \/><a href=\"https:\/\/www.youtube.com\/watch?v=EZsijHQIBt4&#038;t=76s\">https:\/\/www.youtube.com\/watch?v=EZsijHQIBt4&#038;t=76s<\/a><\/video><\/div><\/div><\/div><\/div><\/div>\t\t\t\t\t<\/div><!-- .entry-content -->\n\t\t\t<\/div><!-- .entry-container -->\n<\/article><!-- #post-## -->\n<article id=\"post-1213\" class=\"post-1213 post type-post status-publish format-standard hentry category-minuetobarroco category-trabajo_alumnos tag-5o tag-composicion tag-minueto-barroco\">\n\t<!-- Page\/Post Single Image Disabled or No Image set in Post Thumbnail -->\t<div class=\"entry-container\">\n\t\t<header class=\"entry-header\">\n\t\t\t<h1 class=\"entry-title\">Minueto Barroco &#8211; Ricardo Pellitero &#8211; 2<\/h1>\n\t\t<\/header><!-- .entry-header -->\n\n\t\t<div class=\"entry-content\">\n\t\t\t\n<figure class=\"wp-block-embed is-type-video is-provider-youtube wp-block-embed-youtube wp-embed-aspect-16-9 wp-has-aspect-ratio\"><div class=\"wp-block-embed__wrapper\">\n<iframe loading=\"lazy\" title=\"Ejercicio: Minueto Barroco a tres partes - Ricardo Pellitero (2015-16)\" width=\"780\" height=\"439\" src=\"https:\/\/www.youtube.com\/embed\/s_f9--oOR7Y?feature=oembed\" frameborder=\"0\" allow=\"accelerometer; autoplay; clipboard-write; encrypted-media; gyroscope; picture-in-picture; web-share\" allowfullscreen><\/iframe>\n<\/div><\/figure>\n\t\t\t\t\t<\/div><!-- .entry-content -->\n\t\t\t<\/div><!-- .entry-container -->\n<\/article><!-- #post-## -->\n<article id=\"post-895\" class=\"post-895 post type-post status-publish format-standard hentry category-comprop tag-comprop tag-estreno\">\n\t<!-- Page\/Post Single Image Disabled or No Image set in Post Thumbnail -->\t<div class=\"entry-container\">\n\t\t<header class=\"entry-header\">\n\t\t\t<h1 class=\"entry-title\">4 Movimientos para Orquesta de Cuerda<\/h1>\n\t\t<\/header><!-- .entry-header -->\n\n\t\t<div class=\"entry-content\">\n\t\t\t<div id=\"pl-895\" class=\"panel-layout\">\n<div id=\"pg-895-0\" class=\"panel-grid panel-no-style\">\n<div id=\"pgc-895-0-0\" class=\"panel-grid-cell\" data-weight=\"1\">\n<div id=\"panel-895-0-0-0\" class=\"so-panel widget widget_sow-editor panel-first-child panel-last-child\" data-index=\"0\">\n<div class=\"so-widget-sow-editor so-widget-sow-editor-base\">\n<div class=\"siteorigin-widget-tinymce textwidget\">\n<p style=\"text-align: justify;\">Obra encargada para el Ciclo de M\u00fasica Contempor\u00e1nea de la Orquesta Ciudad de M\u00e1laga de 1998. Se estren\u00f3 bajo la direcci\u00f3n de Gregorio G\u00f3mez con miembros de la citada orquesta.<\/p>\n<\/div>\n<\/div>\n<\/div>\n<\/div>\n<\/div>\n<\/div>\n<div class=\"brz-root__container\">\u00a0<\/div>\n\n\n<figure class=\"wp-block-embed is-type-video is-provider-youtube wp-block-embed-youtube wp-embed-aspect-16-9 wp-has-aspect-ratio\"><div class=\"wp-block-embed__wrapper\">\n<iframe loading=\"lazy\" title=\"4 Movimientos para Orquesta de Cuerda\" width=\"780\" height=\"439\" src=\"https:\/\/www.youtube.com\/embed\/BvT_8cMAuyE?feature=oembed\" frameborder=\"0\" allow=\"accelerometer; autoplay; clipboard-write; encrypted-media; gyroscope; picture-in-picture; web-share\" allowfullscreen><\/iframe>\n<\/div><\/figure>\n\t\t\t\t\t<\/div><!-- .entry-content -->\n\t\t\t<\/div><!-- .entry-container -->\n<\/article><!-- #post-## -->\n<article id=\"post-876\" class=\"post-876 post type-post status-publish format-standard hentry category-contrapunto category-material-didactico tag-apuntes tag-contrapunto tag-material-didactico\">\n\t<!-- Page\/Post Single Image Disabled or No Image set in Post Thumbnail -->\t<div class=\"entry-container\">\n\t\t<header class=\"entry-header\">\n\t\t\t<h1 class=\"entry-title\">Apuntes de Contrapunto por especies<\/h1>\n\t\t<\/header><!-- .entry-header -->\n\n\t\t<div class=\"entry-content\">\n\t\t\t<div id=\"pl-876\"  class=\"panel-layout\" >\n<div id=\"pg-876-0\"  class=\"panel-grid panel-no-style\" >\n<div id=\"pgc-876-0-0\"  class=\"panel-grid-cell\" >\n<div id=\"panel-876-0-0-0\" class=\"so-panel widget panel-first-child\" data-index=\"0\" ><\/div>\n<div id=\"panel-876-0-0-1\" class=\"so-panel widget panel-last-child\" data-index=\"1\" ><\/div>\n<\/div>\n<div id=\"pgc-876-0-1\"  class=\"panel-grid-cell\" >\n<div id=\"panel-876-0-1-0\" class=\"so-panel widget panel-first-child panel-last-child\" data-index=\"2\" ><\/div>\n<\/div>\n<div id=\"pgc-876-0-2\"  class=\"panel-grid-cell\" >\n<div id=\"panel-876-0-2-0\" class=\"so-panel widget panel-first-child panel-last-child\" data-index=\"3\" ><\/div>\n<\/div>\n<\/div>\n<\/div>\n\t\t\t\t\t<\/div><!-- .entry-content -->\n\t\t\t<\/div><!-- .entry-container -->\n<\/article><!-- #post-## -->\n<article id=\"post-857\" class=\"post-857 post type-post status-publish format-standard hentry category-armonia category-material-didactico tag-apuntes tag-armonia tag-material-didactico\">\n\t<!-- Page\/Post Single Image Disabled or No Image set in Post Thumbnail -->\t<div class=\"entry-container\">\n\t\t<header class=\"entry-header\">\n\t\t\t<h1 class=\"entry-title\">Apuntes de Armon\u00eda<\/h1>\n\t\t<\/header><!-- .entry-header -->\n\n\t\t<div class=\"entry-content\">\n\t\t\t<div id=\"pl-857\"  class=\"panel-layout\" >\n<div id=\"pg-857-0\"  class=\"panel-grid panel-no-style\" >\n<div id=\"pgc-857-0-0\"  class=\"panel-grid-cell\" >\n<div id=\"panel-857-0-0-0\" class=\"so-panel widget panel-first-child\" data-index=\"0\" ><\/div>\n<div id=\"panel-857-0-0-1\" class=\"so-panel widget panel-last-child\" data-index=\"1\" ><\/div>\n<\/div>\n<div id=\"pgc-857-0-1\"  class=\"panel-grid-cell\" >\n<div id=\"panel-857-0-1-0\" class=\"so-panel widget panel-first-child panel-last-child\" data-index=\"2\" ><\/div>\n<\/div>\n<div id=\"pgc-857-0-2\"  class=\"panel-grid-cell\" >\n<div id=\"panel-857-0-2-0\" class=\"so-panel widget panel-first-child panel-last-child\" data-index=\"3\" ><\/div>\n<\/div>\n<\/div>\n<\/div>\n\t\t\t\t\t<\/div><!-- .entry-content -->\n\t\t\t<\/div><!-- .entry-container -->\n<\/article><!-- #post-## -->\n<article id=\"post-516\" class=\"post-516 post type-post status-publish format-standard hentry category-serial_dodec category-trabajo_alumnos tag-6o tag-composicion tag-serialismo\">\n\t<!-- Page\/Post Single Image Disabled or No Image set in Post Thumbnail -->\t<div class=\"entry-container\">\n\t\t<header class=\"entry-header\">\n\t\t\t<h1 class=\"entry-title\">Serial &#8211; Alejandro de la Torre<\/h1>\n\t\t<\/header><!-- .entry-header -->\n\n\t\t<div class=\"entry-content\">\n\t\t\t\n<figure class=\"wp-block-embed is-type-video is-provider-youtube wp-block-embed-youtube wp-embed-aspect-16-9 wp-has-aspect-ratio\"><div class=\"wp-block-embed__wrapper\">\n<iframe loading=\"lazy\" title=\"Ejercicio: Pieza con t\u00e9cnica serial - Alejandro de la Torre\" width=\"780\" height=\"439\" src=\"https:\/\/www.youtube.com\/embed\/BuRUTo8-doc?feature=oembed\" frameborder=\"0\" allow=\"accelerometer; autoplay; clipboard-write; encrypted-media; gyroscope; picture-in-picture; web-share\" allowfullscreen><\/iframe>\n<\/div><\/figure>\n\t\t\t\t\t<\/div><!-- .entry-content -->\n\t\t\t<\/div><!-- .entry-container -->\n<\/article><!-- #post-## -->\n<article id=\"post-513\" class=\"post-513 post type-post status-publish format-standard hentry category-serial_dodec category-trabajo_alumnos tag-6o tag-composicion tag-serialismo\">\n\t<!-- Page\/Post Single Image Disabled or No Image set in Post Thumbnail -->\t<div class=\"entry-container\">\n\t\t<header class=\"entry-header\">\n\t\t\t<h1 class=\"entry-title\">Serial &#8211; Alberto Jaenal<\/h1>\n\t\t<\/header><!-- .entry-header -->\n\n\t\t<div class=\"entry-content\">\n\t\t\t\n<figure class=\"wp-block-embed is-type-video is-provider-youtube wp-block-embed-youtube wp-embed-aspect-16-9 wp-has-aspect-ratio\"><div class=\"wp-block-embed__wrapper\">\n<iframe loading=\"lazy\" title=\"Ejercicio: Pieza con t\u00e9cnica serial - Alberto Jaenal\" width=\"780\" height=\"439\" src=\"https:\/\/www.youtube.com\/embed\/IcLnwHE03iA?feature=oembed\" frameborder=\"0\" allow=\"accelerometer; autoplay; clipboard-write; encrypted-media; gyroscope; picture-in-picture; web-share\" allowfullscreen><\/iframe>\n<\/div><\/figure>\n\t\t\t\t\t<\/div><!-- .entry-content -->\n\t\t\t<\/div><!-- .entry-container -->\n<\/article><!-- #post-## -->\n<article id=\"post-510\" class=\"post-510 post type-post status-publish format-standard hentry category-invencion_tres category-trabajo_alumnos tag-6o tag-contrapunto\">\n\t<!-- Page\/Post Single Image Disabled or No Image set in Post Thumbnail -->\t<div class=\"entry-container\">\n\t\t<header class=\"entry-header\">\n\t\t\t<h1 class=\"entry-title\">Invenci\u00f3n a tres voces &#8211; Angel Moya Gil<\/h1>\n\t\t<\/header><!-- .entry-header -->\n\n\t\t<div class=\"entry-content\">\n\t\t\t\n<figure class=\"wp-block-embed is-type-video is-provider-youtube wp-block-embed-youtube wp-embed-aspect-16-9 wp-has-aspect-ratio\"><div class=\"wp-block-embed__wrapper\">\n<iframe loading=\"lazy\" title=\"Ejercicio: Invenci\u00f3n a tres voces - Angel Moya\" width=\"780\" height=\"439\" src=\"https:\/\/www.youtube.com\/embed\/bPXrxuJE3TE?feature=oembed\" frameborder=\"0\" allow=\"accelerometer; autoplay; clipboard-write; encrypted-media; gyroscope; picture-in-picture; web-share\" allowfullscreen><\/iframe>\n<\/div><\/figure>\n\t\t\t\t\t<\/div><!-- .entry-content -->\n\t\t\t<\/div><!-- .entry-container -->\n<\/article><!-- #post-## -->\n<article id=\"post-507\" class=\"post-507 post type-post status-publish format-standard hentry category-invencion_tres category-trabajo_alumnos tag-6o tag-contrapunto\">\n\t<!-- Page\/Post Single Image Disabled or No Image set in Post Thumbnail -->\t<div class=\"entry-container\">\n\t\t<header class=\"entry-header\">\n\t\t\t<h1 class=\"entry-title\">Invenci\u00f3n a tres voces &#8211; Esther Cook<\/h1>\n\t\t<\/header><!-- .entry-header -->\n\n\t\t<div class=\"entry-content\">\n\t\t\t\n<figure class=\"wp-block-embed is-type-video is-provider-youtube wp-block-embed-youtube wp-embed-aspect-16-9 wp-has-aspect-ratio\"><div class=\"wp-block-embed__wrapper\">\n<iframe loading=\"lazy\" title=\"Ejercicio: Invenci\u00f3n a tres voces - Esther Cook\" width=\"780\" height=\"439\" src=\"https:\/\/www.youtube.com\/embed\/hXQYlIgfY54?feature=oembed\" frameborder=\"0\" allow=\"accelerometer; autoplay; clipboard-write; encrypted-media; gyroscope; picture-in-picture; web-share\" allowfullscreen><\/iframe>\n<\/div><\/figure>\n\t\t\t\t\t<\/div><!-- .entry-content -->\n\t\t\t<\/div><!-- .entry-container -->\n<\/article><!-- #post-## -->\n<article id=\"post-501\" class=\"post-501 post type-post status-publish format-standard hentry category-formaternaria category-trabajo_alumnos tag-5o tag-composicion\">\n\t<!-- Page\/Post Single Image Disabled or No Image set in Post Thumbnail -->\t<div class=\"entry-container\">\n\t\t<header class=\"entry-header\">\n\t\t\t<h1 class=\"entry-title\">Forma Ternaria &#8211; Ricardo Pellitero &#8211; 2<\/h1>\n\t\t<\/header><!-- .entry-header -->\n\n\t\t<div class=\"entry-content\">\n\t\t\t\n<figure class=\"wp-block-embed is-type-video is-provider-youtube wp-block-embed-youtube wp-embed-aspect-16-9 wp-has-aspect-ratio\"><div class=\"wp-block-embed__wrapper\">\n<iframe loading=\"lazy\" title=\"Ejercicio: Forma Ternaria para tr\u00edo de cuerda - Ricardo Pellitero   (2014-15)\" width=\"780\" height=\"439\" src=\"https:\/\/www.youtube.com\/embed\/Im73GuUNwJQ?feature=oembed\" frameborder=\"0\" allow=\"accelerometer; autoplay; clipboard-write; encrypted-media; gyroscope; picture-in-picture; web-share\" allowfullscreen><\/iframe>\n<\/div><\/figure>\n\t\t\t\t\t<\/div><!-- .entry-content -->\n\t\t\t<\/div><!-- .entry-container -->\n<\/article><!-- #post-## --><\/div><\/div><\/div><\/div>","protected":false},"excerpt":{"rendered":"","protected":false},"author":3,"featured_media":42,"parent":52,"menu_order":0,"comment_status":"closed","ping_status":"closed","template":"","meta":{"footnotes":""},"class_list":["post-296","page","type-page","status-publish","has-post-thumbnail","hentry"],"_links":{"self":[{"href":"https:\/\/garciacuba.com\/wpsgc\/wp-json\/wp\/v2\/pages\/296","targetHints":{"allow":["GET"]}}],"collection":[{"href":"https:\/\/garciacuba.com\/wpsgc\/wp-json\/wp\/v2\/pages"}],"about":[{"href":"https:\/\/garciacuba.com\/wpsgc\/wp-json\/wp\/v2\/types\/page"}],"author":[{"embeddable":true,"href":"https:\/\/garciacuba.com\/wpsgc\/wp-json\/wp\/v2\/users\/3"}],"replies":[{"embeddable":true,"href":"https:\/\/garciacuba.com\/wpsgc\/wp-json\/wp\/v2\/comments?post=296"}],"version-history":[{"count":10,"href":"https:\/\/garciacuba.com\/wpsgc\/wp-json\/wp\/v2\/pages\/296\/revisions"}],"predecessor-version":[{"id":1271,"href":"https:\/\/garciacuba.com\/wpsgc\/wp-json\/wp\/v2\/pages\/296\/revisions\/1271"}],"up":[{"embeddable":true,"href":"https:\/\/garciacuba.com\/wpsgc\/wp-json\/wp\/v2\/pages\/52"}],"wp:featuredmedia":[{"embeddable":true,"href":"https:\/\/garciacuba.com\/wpsgc\/wp-json\/wp\/v2\/media\/42"}],"wp:attachment":[{"href":"https:\/\/garciacuba.com\/wpsgc\/wp-json\/wp\/v2\/media?parent=296"}],"curies":[{"name":"wp","href":"https:\/\/api.w.org\/{rel}","templated":true}]}}